{"id":123,"date":"2016-02-08T15:00:04","date_gmt":"2016-02-08T14:00:04","guid":{"rendered":"http:\/\/toadphoto.wirkbetrieb.de\/?page_id=123"},"modified":"2017-08-09T19:55:37","modified_gmt":"2017-08-09T17:55:37","slug":"past-imperfect-description","status":"publish","type":"page","link":"https:\/\/www.oqepo.de\/?page_id=123","title":{"rendered":"past imperfect &#8211; description"},"content":{"rendered":"<p><em>memories are as true as photographs<\/em><\/p>\n<hr>\n<p>some years ago i came across a vending machine for bubble gums, a red box hanging forlorn on a wall of an empty house in a forsaken town on the brink of destruction, meant to be torn down completely for strip mining.<\/p>\n<p>it\u2019s been the first sample i\u2019ve seen since my childhood days, when those promising, colourful devices meant instant joy or &#8211; more often &#8211; frustration.<br \/>\nit\u2019s only now that i notice how yucky my booty usually had been and how many scars frustrated kids, bad wheather and just plain vandalism had inflicted on those machines.<\/p>\n<p>in <em>past imperfect<\/em> i try to make the current view match my memories to the result of two different views combined in one picture struggling for attention.<\/p>\n<p>over the years i found quite a few of those machines along my well-trodden photo-hunting routes. But one by one they come down eventually, even outside the strip mining territory. so i got some visual history logs showing the up and downs of those machine&#8217;s lifes &#8211; and some final states.<\/p>\n<h3>technical details<\/h3>\n<p>all pictures are available as gallery prints (acryl\/photo\/aludibond) including a hanging system. please <em><a href=\".\/?page_id=221\">contact<\/a><\/em> me.<\/p>\n<p>sizes vary according to the number of slots, height 112 cm, width 84 cm (2 slots), 120 cm (3 slots), 155 cm (4 slots).<\/p>\n<h3>trivia<\/h3>\n<p>as a fact that contributes to the mystery of childhood those machines represent for me there is apparently quite a bit of secrecy involved with them because you would never meet the maintenance personnel. The machines must be serviced during the night because i find them replenished and sometimes even freshly painted every now and then. And even as they always produce a sign on their fronts to note an address and a phone number of the acclaimed owner, i never reached anyone by phone and there is never somebody located at the stated address with the specified name. in several cases there wasn&#8217;t even a building or a postbox at the given address.<br \/>\nif you would like to get more information on <em>Kaugummiautomaten<\/em> here are some good articles on them<\/p>\n<ul>\n<li><a href=\"https:\/\/de.wikipedia.org\/wiki\/Kaugummiautomat\" target=\"_blank\" rel=\"noopener\">Wikipedia<\/a><\/li>\n<li><a href=\"http:\/\/www.fitzewitz.de\/html\/kaugummi.html\" target=\"_blank\" rel=\"noopener\">Fitzewitz<\/a><\/li>\n<li><a href=\"http:\/\/www.handelsblatt.com\/panorama\/kultur-kunstmarkt\/kulturgeschichte-der-kaugummi-automaten-ikonen-des-wirtschaftswunders-seite-4\/2393562-4.html\" target=\"_blank\" rel=\"noopener\">Kulturgeschichte der Kaugummiautomaten &#8211; Handelsblatt<\/a><\/li>\n<li><a href=\"http:\/\/www.zeit.de\/2003\/27\/Alltag_2fKaugummi_27\/komplettansicht\" target=\"_blank\" rel=\"noopener\">Lutschgefahr &#8211; Zeit Online<\/a><\/li>\n<\/ul>\n<h3>&#8230;und nun auf Deutsch<\/h3>\n<p>Vor ein paar Jahren fand ich auf einem meiner (Foto-)Jagd-Trips durch die Abbruchzone von Garzweiler II an der Wand eines aufgelassenen Hauses einen roten Kaugummiautomaten.<\/p>\n<p>Seit meiner Kindheit hatte ich keinen mehr wahrgenommen und ich dachte, sie w\u00e4ren im digitalen Zeitalter l\u00e4ngst verschwunden &#8211; naja, ehrlich gesagt, hatte ich seitdem nie wieder an sie gedacht.<br \/>\nAber hier hing er, der Verg\u00e4nglichkeit spottend, auf der Lauer nach einem Opfer, das bereitwillig 50 Cent opfert f\u00fcr Funtoys &#8211; oder bei schmalerem Geldbeutel 20 Cent f\u00fcr Bubble Gum Balls. Wobei auch hinter dem schmuddeligen Fenster des &#8222;Funtoys&#8220; Schachtes in erster Linie dicke, bunte Kaugummikugeln zu sehen waren. Manche Dinge \u00e4ndern sich eben nie.<\/p>\n<p>Nun sollte man meinen, in einem Dorf, weitgehend verlassen und vermeintlich schon fast von den gigantischen Schaufeln des Braunkohlebaggers verschlungen, w\u00e4re dieses Relikt vom Automatenaufsteller vergessen und verdanke sein absehbar endliches \u00dcberleben lediglich dem Umstand, dass Altmetalldiebe vom RWE Power Werkschutz bisher offenbar erfolgreich abgeschreckt wurden. Aber tats\u00e4chlich sollte er da noch vier weitere Jahre h\u00e4ngen. Und nicht nur das.<br \/>\nMindestens einmal im Jahr kamen klammheimlich die Heinzelm\u00e4nnchen und erneuerten die Sch\u00e4tze. So kam ich zu &#8222;Sticky Aliens&#8220;, &#8222;Fizzy Fruits&#8220; und einem &#8222;Magischen Armband&#8220;. Bevor schliesslich nur noch das Geh\u00e4use an der Wand hing, das beim n\u00e4chsten Mal dann ebenfalls verschwunden war.<\/p>\n<p>Zu diesem Zeitpunkt hatte ich allerdings bereits festgestellt, dass die Dinger l\u00e4ngst nicht so verschwunden waren, wie ich anfangs dachte. Tats\u00e4chlich fanden sich, dank des geschulten Blickes des J\u00e4gers, erstaunlich viele Exemplare &#8211; in ebenfalls erstaunlich vielen Graden des Verfalls und der Zerst\u00f6rung.<br \/>\nUnd es fanden sich ebenfalls erstaunlich viele andere Fotografen, die sich diesem Sujet zu dem ein oder anderen Zeitpunkt gewidmet hatten, sowie etliche Artikel in diversen Zeitungen, dank des Internets auch nach Jahr(zehnt)en noch auffindbar, die mehr oder weniger alle einen besonders engagierten Fotografen zum Anlass nahmen, mit &#8222;Oh, es gibt sie noch, die mehrfach Totgesagten&#8220; einen Abriss der Historie und des drohenden Untergangs der Zunft der (Kaugummi-)Automatenaufsteller zu geben.<\/p>\n<p>Ok, ich gebe zu, auch ich habe versucht, dem Geheimnis auf die Spur zu kommen, wer hinter &#8222;Bergischer Automaten Service&#8220;, kurz BAS, oder hinter Bieber &amp; Co aus Lich steckt. Hausnummern, die zu unbebauten Grundst\u00fccken geh\u00f6ren und Telefonnummern, bei denen es ewig klingelt, wenn sie nicht direkt auf &#8222;the number you have dialed is temporarily not available&#8220; laufen. H\u00e4tte ich Holmes-Blut in den Adern, das w\u00e4re ein R\u00e4tsel nach meinem Geschmack.<br \/>\nAber stattdessen geniesse ich die Ungewissheit, das R\u00e4tsel. Ein wenig ist es mit den unsichtbaren M\u00e4nnchen, die offenbar an einem unvorhersehbaren Morgen noch vor Anbruch der D\u00e4mmerung die Automaten austauschen &#8211; und gelegentlich das gesamte Geh\u00e4use neu lackieren -, wie mit dem Osterhasen und dem Nikolaus. Man wei\u00df oder ahnt zumindest, es gibt eine vermutlich sehr profane Erkl\u00e4rung, aber zieht es vor, nicht genauer nachzufragen, sondern das Geheimnis zu genie\u00dfen und sich auf die &#8222;Sticky Aliens&#8220; zu freuen, die hoffentlich bald die &#8222;Big Bubbles&#8220; abl\u00f6sen.<br \/>\nNun gut, allzu genau sollte man als Erwachsener nicht hinschauen. Konnte ich mich als Kind offenbar problemlos auf die Verheissung eines kleinen Fallschirmspringers konzentrieren und mit einem Jawbreaker \u00fcber den Verlust von 50 Pfennig hinwegtr\u00f6sten, so frage ich mich heute eher, ob ich nicht schon beim M\u00fcnzeinwurf besser Einweghandschuhe tragen sollte.<br \/>\nNichtsdestotrotz (so ein sch\u00f6nes Wort!) f\u00fchle ich noch genau, wie das fr\u00fcher war, auf dem Weg zur Schule, der rote Kaugummiautomat, der sprichw\u00f6rtliche Ring nur einen Dreh entfernt, theoretisch.<\/p>\n<p>Mit <em>Past Imperfect<\/em> fange ich genau diese zwei Sichten ein. Den sezierenden Blick auf die geschundenen, angegammelten Automaten und die Erinnerung an die bunte Verheissung, ungeduldig erwartete Freude und n\u00fcchternes Warten auf die Entt\u00e4uschung.<\/p>\n<h3>Tacheles<\/h3>\n<p><em>Past Imperfect<\/em> ist ein laufendes Projekt mit Serien aus dem Leben einzelner Automaten. Einige Serien sind bereits beendet, die Automaten existieren nicht mehr, andere laufen noch und werden in unregelm\u00e4\u00dfigen Abst\u00e4nden erg\u00e4nzt.<br \/>\nAlle Bilder sind als Gallery Prints (Fotoabzug kaschiert auf Aludibond unter Acryl mit Tr\u00e4gersystem) erh\u00e4ltlich. Bei Interesse bitte <em><a href=\".\/?page_id=221\">anfragen<\/a><\/em>.<br \/>\nDie Gr\u00f6\u00dfen variieren je nach Anzahl der Sch\u00e4chte, H\u00f6he 112 cm (bei Extras etwas h\u00f6her), Breite 84 cm (2 Sch\u00e4chte), 120 cm (3 Sch\u00e4chte), 155 cm (4 Sch\u00e4chte). Die Gr\u00f6\u00dfe bezieht sich auf das gesamte Bild, das Motiv selbst ist jeweils 20 bis 30 cm kleiner, da die Bilder mit einem wei\u00dfen Rand gefertigt werden.<\/p>\n","protected":false},"excerpt":{"rendered":"<p>memories are as true as photographs some years ago i came across a vending machine for bubble gums, a red box hanging forlorn on a wall of an empty house in a forsaken town on the brink of destruction, meant to be torn down completely for strip mining. it\u2019s been the first sample i\u2019ve seen<\/p>\n<p><a href=\"https:\/\/www.oqepo.de\/?page_id=123\" class=\"more-link themebutton\">Read More<\/a><\/p>\n","protected":false},"author":1,"featured_media":0,"parent":75,"menu_order":0,"comment_status":"closed","ping_status":"closed","template":"","meta":{"ngg_post_thumbnail":0},"_links":{"self":[{"href":"https:\/\/www.oqepo.de\/index.php?rest_route=\/wp\/v2\/pages\/123"}],"collection":[{"href":"https:\/\/www.oqepo.de\/index.php?rest_route=\/wp\/v2\/pages"}],"about":[{"href":"https:\/\/www.oqepo.de\/index.php?rest_route=\/wp\/v2\/types\/page"}],"author":[{"embeddable":true,"href":"https:\/\/www.oqepo.de\/index.php?rest_route=\/wp\/v2\/users\/1"}],"replies":[{"embeddable":true,"href":"https:\/\/www.oqepo.de\/index.php?rest_route=%2Fwp%2Fv2%2Fcomments&post=123"}],"version-history":[{"count":22,"href":"https:\/\/www.oqepo.de\/index.php?rest_route=\/wp\/v2\/pages\/123\/revisions"}],"predecessor-version":[{"id":2540,"href":"https:\/\/www.oqepo.de\/index.php?rest_route=\/wp\/v2\/pages\/123\/revisions\/2540"}],"up":[{"embeddable":true,"href":"https:\/\/www.oqepo.de\/index.php?rest_route=\/wp\/v2\/pages\/75"}],"wp:attachment":[{"href":"https:\/\/www.oqepo.de\/index.php?rest_route=%2Fwp%2Fv2%2Fmedia&parent=123"}],"curies":[{"name":"wp","href":"https:\/\/api.w.org\/{rel}","templated":true}]}}