{"id":2250,"date":"2017-05-05T23:21:55","date_gmt":"2017-05-05T21:21:55","guid":{"rendered":"http:\/\/www.oqepo.de\/?page_id=2250"},"modified":"2017-05-06T16:50:27","modified_gmt":"2017-05-06T14:50:27","slug":"insta-wtf","status":"publish","type":"page","link":"https:\/\/www.oqepo.de\/?page_id=2250","title":{"rendered":"insta &#8211; wtf?"},"content":{"rendered":"<h4>ok, what&#8217;s this all about? oder die 5 warums zu instaporn<\/h4>\n<p><strong>Pixelpatin:<\/strong> Also, warum machst du Porno-Fotos von Rost?<\/p>\n<p style=\"text-align: right;\"><strong>occoqeposso:<\/strong> hmm, lass mich \u00fcberlegen&#8230; ich glaube, die tag list f\u00fcr meine ersten posts auf instagram kam von &#8211; dir!?!<\/p>\n<p style=\"text-align: left;\"><strong>Pixelpatin:<\/strong> Iiiiich? Ich hab nie gesagt dass du Pornos machen sollst.<\/p>\n<p style=\"text-align: right;\"><strong>occoqeposso: <\/strong>gut, spass beiseite. v\u00f6llig unerfahren auf IG hatte ich nat\u00fcrlich keinen schimmer, was man f\u00fcr tags nutzt, und es hat mich dann schon \u00fcberrascht, wie inflation\u00e4r dort mit varianten von porn umgegangen wird &#8211; um irgendwie aufmerksamkeit zu erregen&#8230; und das, wo jede darstellung eines nippel gnadenlos von IG zensiert wird&#8230; naja, fast &#8211; hab grad mal gecheckt, unter <em><a href=\"https:\/\/www.instagram.com\/explore\/tags\/nippelporn\/\">nippelporn<\/a><\/em> finden sich doch tats\u00e4chlich derzeit drei bilder &#8211; und man sieht auch sofort, warum die nicht zensiert wurden&#8230; ich hab mir f\u00fcr meine tag lists dann die porn-varianten ausgesucht, die am besten zu meinen serien passen.<\/p>\n<p style=\"text-align: right;\">aber dann doch noch zu deiner frage: jede fotografie ist ja per se ein memento mori. da liegt es nahe, das auch gleich motivisch auf den punkt zu bringen &#8211; und dabei zu zeigen, dass verfall immer auch ein werden beinhaltet.<\/p>\n<p style=\"text-align: left;\"><strong>Pixelpatin:<\/strong> Warum ist es dir wichtig das Verg\u00e4ngliche zu dokumentieren?<\/p>\n<p style=\"text-align: right;\"><strong>occoqeposso: <\/strong>ich sehe mich eigentlich nicht als dokumentar-fotograf, jedenfalls nicht in der tradition der Bechers. bei rost w\u00e4re jeder versuch einer dokumentation, die ja in irgendeiner weise immer auch nach einer art abschluss oder zumindest einem gewissen grad tats\u00e4chlicher oder vermuteter vollst\u00e4ndigkeit verlangt, v\u00f6llig sinnlos. mir geht es dabei eher um eine \u00e4sthetik, um farben, strukturen. da ich nicht male(n kann), sind die rostbilder &#8211; genauso wie paintpeels &#8211; meine form abstrakter darstellung eines memento mori. besser als &#8222;dokumentieren&#8220; passt &#8222;konservieren&#8220;, das ist schon eher mein antrieb, zu konservieren, um zeigen zu k\u00f6nnen.<\/p>\n<p style=\"text-align: right;\">[&#8230;to be continued&#8230;]<\/p>\n<p style=\"text-align: left;\">mein herzlicher dank an die <em><a href=\"http:\/\/pixelsyndikat.de\/pixelpatin-ueber-mich\/\">Pixelpatin<\/a> <\/em>f\u00fcr idee und ausf\u00fchrung der 5 warums!<\/p>\n","protected":false},"excerpt":{"rendered":"<p>ok, what&#8217;s this all about? oder die 5 warums zu instaporn Pixelpatin: Also, warum machst du Porno-Fotos von Rost? occoqeposso: hmm, lass mich \u00fcberlegen&#8230; ich glaube, die tag list f\u00fcr meine ersten posts auf instagram kam von &#8211; dir!?! Pixelpatin: Iiiiich? Ich hab nie gesagt dass du Pornos machen sollst. occoqeposso: gut, spass beiseite. v\u00f6llig<\/p>\n<p><a href=\"https:\/\/www.oqepo.de\/?page_id=2250\" class=\"more-link themebutton\">Read More<\/a><\/p>\n","protected":false},"author":3,"featured_media":0,"parent":0,"menu_order":0,"comment_status":"closed","ping_status":"closed","template":"","meta":{"ngg_post_thumbnail":0},"_links":{"self":[{"href":"https:\/\/www.oqepo.de\/index.php?rest_route=\/wp\/v2\/pages\/2250"}],"collection":[{"href":"https:\/\/www.oqepo.de\/index.php?rest_route=\/wp\/v2\/pages"}],"about":[{"href":"https:\/\/www.oqepo.de\/index.php?rest_route=\/wp\/v2\/types\/page"}],"author":[{"embeddable":true,"href":"https:\/\/www.oqepo.de\/index.php?rest_route=\/wp\/v2\/users\/3"}],"replies":[{"embeddable":true,"href":"https:\/\/www.oqepo.de\/index.php?rest_route=%2Fwp%2Fv2%2Fcomments&post=2250"}],"version-history":[{"count":15,"href":"https:\/\/www.oqepo.de\/index.php?rest_route=\/wp\/v2\/pages\/2250\/revisions"}],"predecessor-version":[{"id":2268,"href":"https:\/\/www.oqepo.de\/index.php?rest_route=\/wp\/v2\/pages\/2250\/revisions\/2268"}],"wp:attachment":[{"href":"https:\/\/www.oqepo.de\/index.php?rest_route=%2Fwp%2Fv2%2Fmedia&parent=2250"}],"curies":[{"name":"wp","href":"https:\/\/api.w.org\/{rel}","templated":true}]}}