{"id":2866,"date":"2019-04-25T21:19:33","date_gmt":"2019-04-25T19:19:33","guid":{"rendered":"http:\/\/www.oqepo.de\/?page_id=2866"},"modified":"2019-04-25T21:19:37","modified_gmt":"2019-04-25T19:19:37","slug":"in-rust-we-trust-description","status":"publish","type":"page","link":"https:\/\/www.oqepo.de\/?page_id=2866","title":{"rendered":"in rust we trust &#8211; description"},"content":{"rendered":"<p><em>art in vain like tears in rain<\/em><\/p>\n<hr>\n<p>exploring abandoned industrial sites in germany i came across rusted corten steel walls used by streetartists and wannabees as metal canvas for graffiti, stencils and tags. each tag and artwork a star for one day, or just a moment, soon sprayed over, covered and eaten up by rust in the end &#8211; some kind of solidified instagram feed. whereas most of those ambitious traces are of questionable aesthetic quality, the mixture of spraypaint, chalk, marker and rust is sometimes not. Shots of those walls form the starting point for my pieces. after some digital hokuspokus i get a photo of a reality that never existed, feigning to be an actual cutting of a corten wall.<\/p>\n<h6>\ntechnical details<\/h6>\n<p>all pictures are available as direct metal prints on aludibond &#8211; rustproof rust. please contact. sizes vary from 40&#215;40 cm to 90&#215;140 cm.<\/p>\n<h6>\n&#8230;und nun auf Deutsch<\/h6>\n<p>auf streifz\u00fcgen durch industriebrachen faszinierten mich corten-stahlw\u00e4nde, die von streetartists und solchen, die es gerne w\u00e4ren, als rostige leinwand f\u00fcr tags, graffiti und stencils genutzt werden. werke, die schon nach kurzer zeit wieder \u00fcberspr\u00fcht werden oder sp\u00e4testens nach etwas l\u00e4ngerer zeit im rost untergehen. fotos dieser w\u00e4nde bilden die basis f\u00fcr <strong>in rust we trust<\/strong>, aus denen nach etwas hokuspokus bilder entstehen, die nur noch vorgeben, ausschnitt einer wirklichkeit zu sein.<\/p>\n<h6>Tacheles<\/h6>\n<p><strong>in rust we trust<\/strong> ist ein laufendes projekt, f\u00fcr das ich regelm\u00e4\u00dfig an denselben orten auf jagd gehe. so entstehen tats\u00e4chliche oder auch nur scheinbare zeitreihen, die ich nach und nach herausbringe.<br \/>\nalle bilder sind als prints auf aludibond mit tr\u00e4gersystem erh\u00e4ltlich. bei interesse bitte anfragen. gr\u00f6\u00dfen variieren von 40x40cm bis 90x140cm.<\/p>\n<p>&nbsp;<\/p>\n","protected":false},"excerpt":{"rendered":"<p>art in vain like tears in rain exploring abandoned industrial sites in germany i came across rusted corten steel walls used by streetartists and wannabees as metal canvas for graffiti, stencils and tags. each tag and artwork a star for one day, or just a moment, soon sprayed over, covered and eaten up by rust<\/p>\n<p><a href=\"https:\/\/www.oqepo.de\/?page_id=2866\" class=\"more-link themebutton\">Read More<\/a><\/p>\n","protected":false},"author":3,"featured_media":0,"parent":0,"menu_order":0,"comment_status":"closed","ping_status":"closed","template":"","meta":{"ngg_post_thumbnail":0},"_links":{"self":[{"href":"https:\/\/www.oqepo.de\/index.php?rest_route=\/wp\/v2\/pages\/2866"}],"collection":[{"href":"https:\/\/www.oqepo.de\/index.php?rest_route=\/wp\/v2\/pages"}],"about":[{"href":"https:\/\/www.oqepo.de\/index.php?rest_route=\/wp\/v2\/types\/page"}],"author":[{"embeddable":true,"href":"https:\/\/www.oqepo.de\/index.php?rest_route=\/wp\/v2\/users\/3"}],"replies":[{"embeddable":true,"href":"https:\/\/www.oqepo.de\/index.php?rest_route=%2Fwp%2Fv2%2Fcomments&post=2866"}],"version-history":[{"count":4,"href":"https:\/\/www.oqepo.de\/index.php?rest_route=\/wp\/v2\/pages\/2866\/revisions"}],"predecessor-version":[{"id":2921,"href":"https:\/\/www.oqepo.de\/index.php?rest_route=\/wp\/v2\/pages\/2866\/revisions\/2921"}],"wp:attachment":[{"href":"https:\/\/www.oqepo.de\/index.php?rest_route=%2Fwp%2Fv2%2Fmedia&parent=2866"}],"curies":[{"name":"wp","href":"https:\/\/api.w.org\/{rel}","templated":true}]}}